{"id":150,"date":"2025-06-09T17:50:14","date_gmt":"2025-06-09T17:50:14","guid":{"rendered":"https:\/\/secretgardenlanzarote.com\/?page_id=150"},"modified":"2026-05-07T12:43:12","modified_gmt":"2026-05-07T12:43:12","slug":"unique-holiday-rentals-on-lanzarote","status":"publish","type":"page","link":"https:\/\/secretgardenlanzarote.com\/fr\/unique-holiday-rentals-on-lanzarote\/","title":{"rendered":"Locations de vacances uniques \u00e0 Lanzarote"},"content":{"rendered":"<div data-src=\"https:\/\/cdn.trustindex.io\/loader.js?7b9b3ef50e523495e5064c1c892\"><\/div>\n\n\n\n<p>Bienvenue \u00e0 Secret Garden Lanzarote, votre destination pour des locations de vacances uniques \u00e0 Lanzarote. Nos cabanes pleines de charme offrent une escapade paisible au c\u0153ur de la nature, id\u00e9ale pour les voyageurs en qu\u00eate d\u2019un s\u00e9jour authentique et m\u00e9morable sur cette magnifique \u00eele des Canaries. Chaque h\u00e9bergement est con\u00e7u avec soin pour offrir confort, caract\u00e8re et connexion \u00e0 l\u2019environnement local. D\u00e9couvrez notre s\u00e9lection et trouvez votre refuge id\u00e9al d\u00e8s aujourd\u2019hui !<\/p>\n\n\n\n<hr class=\"wp-block-separator has-alpha-channel-opacity\"\/>\n\n\n\n<div id=\"wp-block-themeisle-blocks-advanced-columns-0756495c\" class=\"wp-block-themeisle-blocks-advanced-columns alignfull has-2-columns has-desktop-equal-layout has-tablet-equal-layout has-mobile-collapsedRows-layout has-vertical-unset has-light-bg\"><div class=\"wp-block-themeisle-blocks-advanced-columns-overlay\"><\/div><div class=\"innerblocks-wrap\">\n<div id=\"wp-block-themeisle-blocks-advanced-column-6e902b2a\" class=\"wp-block-themeisle-blocks-advanced-column has-light-bg\">\n<div class=\"wp-block-columns is-layout-flex wp-container-core-columns-is-layout-28f84493 wp-block-columns-is-layout-flex\">\n<div class=\"wp-block-column is-layout-flow wp-block-column-is-layout-flow\" style=\"flex-basis:100%\">\n<div class=\"wp-block-columns is-layout-flex wp-container-core-columns-is-layout-28f84493 wp-block-columns-is-layout-flex\">\n<div class=\"wp-block-column is-vertically-aligned-center is-layout-flow wp-block-column-is-layout-flow\" style=\"flex-basis:100%\">\n<div class=\"wp-block-columns is-layout-flex wp-container-core-columns-is-layout-28f84493 wp-block-columns-is-layout-flex\">\n<div class=\"wp-block-column is-layout-flow wp-block-column-is-layout-flow\" style=\"flex-basis:100%\">\n<figure class=\"wp-block-image size-large\"><img loading=\"lazy\" decoding=\"async\" width=\"1024\" height=\"768\" src=\"https:\/\/secretgardenlanzarote.com\/wp-content\/uploads\/2024\/05\/IMG_4651-1024x768.jpg\" alt=\"\" class=\"wp-image-239\" srcset=\"https:\/\/secretgardenlanzarote.com\/wp-content\/uploads\/2024\/05\/IMG_4651-1024x768.jpg 1024w, https:\/\/secretgardenlanzarote.com\/wp-content\/uploads\/2024\/05\/IMG_4651-300x225.jpg 300w, https:\/\/secretgardenlanzarote.com\/wp-content\/uploads\/2024\/05\/IMG_4651-768x576.jpg 768w, https:\/\/secretgardenlanzarote.com\/wp-content\/uploads\/2024\/05\/IMG_4651-1536x1152.jpg 1536w, https:\/\/secretgardenlanzarote.com\/wp-content\/uploads\/2024\/05\/IMG_4651-2048x1536.jpg 2048w, https:\/\/secretgardenlanzarote.com\/wp-content\/uploads\/2024\/05\/IMG_4651-scaled-16x12.jpg 16w, https:\/\/secretgardenlanzarote.com\/wp-content\/uploads\/2024\/05\/IMG_4651-scaled-2000x1500.jpg 2000w\" sizes=\"auto, (max-width: 1024px) 100vw, 1024px\" \/><\/figure>\n<\/div>\n<\/div>\n<\/div>\n<\/div>\n<\/div>\n<\/div>\n\n\n\n<div id=\"wp-block-themeisle-blocks-advanced-columns-e37edc14\" class=\"wp-block-themeisle-blocks-advanced-columns has-1-columns has-desktop-equal-layout has-tablet-equal-layout has-mobile-equal-layout has-vertical-unset\"><div class=\"wp-block-themeisle-blocks-advanced-columns-overlay\"><\/div><div class=\"innerblocks-wrap\">\n<div id=\"wp-block-themeisle-blocks-advanced-column-7030cb7b\" class=\"wp-block-themeisle-blocks-advanced-column\">\n<h4 class=\"wp-block-heading has-text-color has-link-color wp-elements-34e84183e99c6d21a50cbc5d05aa451c\" style=\"color:#070731\"><strong>Eco-Cabin&nbsp;<em>\u2018glamping Lanzarote\u2019<\/em>&nbsp;Retreat at The Secret Garden<\/strong><\/h4>\n\n\n\n<hr class=\"wp-block-separator has-alpha-channel-opacity\"\/>\n\n\n\n<p class=\"has-text-color has-link-color wp-elements-ead65617c7b390e73ffc79b1f08f23bb\" style=\"color:#070731\"><strong>Vivez la tranquillit\u00e9 dans notre Garden Retreat \u2013 des locations de vacances uniques \u00e0 Lanzarote, con\u00e7ues pour la paix, la simplicit\u00e9 et une connexion profonde avec la nature.<\/strong><\/p>\n\n\n\n<p class=\"translation-block\">Style : pods de glamping<\/p>\n\n\n\n<p class=\"translation-block\">Vues : campagne et vue sur la mer<\/p>\n\n\n\n<p class=\"translation-block\">Emplacement : Charco del Palo, Lanzarote<\/p>\n\n\n\n<p class=\"translation-block\">Capacit\u00e9 : 2 personnes<\/p>\n\n\n\n<p><strong>Caract\u00e9ristiques :<\/strong>  <\/p>\n\n\n\n<p class=\"has-text-align-left\">Cuisine ext\u00e9rieure priv\u00e9e avec une plaque de cuisson au gaz et un r\u00e9frig\u00e9rateur.<\/p>\n\n\n\n<p class=\"has-text-align-left\">Salle de bain ext\u00e9rieure priv\u00e9e avec douche chauff\u00e9e \u00e0 l\u2019\u00e9nergie solaire.<\/p>\n\n\n\n<p class=\"has-text-align-left\">Une chambre avec un lit double.<\/p>\n\n\n\n<p class=\"has-text-align-left\">Un espace de vie int\u00e9rieur avec un canap\u00e9.<\/p>\n\n\n\n<p class=\"has-text-align-left\">Espace ext\u00e9rieur priv\u00e9 avec coin repas et salon.<\/p>\n\n\n\n<div id=\"wp-block-themeisle-blocks-button-group-98b20c44\" class=\"wp-block-themeisle-blocks-button-group wp-block-buttons\">\n<div id=\"wp-block-themeisle-blocks-button-7b19be3a\" class=\"wp-block-themeisle-blocks-button wp-block-button\"><a href=\"https:\/\/secretgardenlanzarote.com\/fr\/the-secret-garden\/\" target=\"_blank\" rel=\"noopener noreferrer\" class=\"wp-block-button__link\"><span>Book here for best prices<\/span><\/a><\/div>\n<\/div>\n<\/div>\n<\/div><\/div>\n<\/div>\n\n\n\n<div id=\"wp-block-themeisle-blocks-advanced-column-33e99253\" class=\"wp-block-themeisle-blocks-advanced-column has-light-bg\">\n<figure class=\"wp-block-image size-large\"><img loading=\"lazy\" decoding=\"async\" width=\"1024\" height=\"768\" src=\"https:\/\/secretgardenlanzarote.com\/wp-content\/uploads\/2025\/06\/IMG_4251-1024x768.jpg\" alt=\"\" class=\"wp-image-161\" srcset=\"https:\/\/secretgardenlanzarote.com\/wp-content\/uploads\/2025\/06\/IMG_4251-1024x768.jpg 1024w, https:\/\/secretgardenlanzarote.com\/wp-content\/uploads\/2025\/06\/IMG_4251-300x225.jpg 300w, https:\/\/secretgardenlanzarote.com\/wp-content\/uploads\/2025\/06\/IMG_4251-768x576.jpg 768w, https:\/\/secretgardenlanzarote.com\/wp-content\/uploads\/2025\/06\/IMG_4251-1536x1152.jpg 1536w, https:\/\/secretgardenlanzarote.com\/wp-content\/uploads\/2025\/06\/IMG_4251-2048x1536.jpg 2048w, https:\/\/secretgardenlanzarote.com\/wp-content\/uploads\/2025\/06\/IMG_4251-scaled-16x12.jpg 16w, https:\/\/secretgardenlanzarote.com\/wp-content\/uploads\/2025\/06\/IMG_4251-scaled-2000x1500.jpg 2000w\" sizes=\"auto, (max-width: 1024px) 100vw, 1024px\" \/><\/figure>\n\n\n\n<div id=\"wp-block-themeisle-blocks-advanced-columns-ada2687f\" class=\"wp-block-themeisle-blocks-advanced-columns has-1-columns has-desktop-equal-layout has-tablet-equal-layout has-mobile-equal-layout has-vertical-unset\"><div class=\"wp-block-themeisle-blocks-advanced-columns-overlay\"><\/div><div class=\"innerblocks-wrap\">\n<div id=\"wp-block-themeisle-blocks-advanced-column-00013bfb\" class=\"wp-block-themeisle-blocks-advanced-column\">\n<p><strong><strong>Eco-Caba\u00f1a Retreat in Lanzarote\u2019s unique countryside: Off-Grid Peace &amp; Comfort<\/strong><\/strong><\/p>\n\n\n\n<hr class=\"wp-block-separator has-alpha-channel-opacity\"\/>\n\n\n\n<h4 class=\"wp-block-heading has-text-color has-link-color wp-elements-c5fc2dddca9fc4d60ac5c8e3ec31b318\" style=\"color:#070731\"><strong>Renouez avec l'essentiel dans notre Green Eco Cabin, une location de vacances unique \u00e0 Lanzarote fa\u00e7onn\u00e9e par la nature, la simplicit\u00e9 et la vie lente.<\/strong><\/h4>\n\n\n\n<p><strong>Style<\/strong>Bungalow de glamping<\/p>\n\n\n\n<p class=\"translation-block\">Vues : vue sur le jardin<\/p>\n\n\n\n<p class=\"translation-block\">Emplacement : Charco del Palo, Lanzarote<\/p>\n\n\n\n<p class=\"translation-block\">Capacit\u00e9 : 2 personnes<\/p>\n\n\n\n<p><strong>Caract\u00e9ristiques :<\/strong>  <\/p>\n\n\n\n<p class=\"has-text-align-left\">Cuisine ext\u00e9rieure priv\u00e9e avec une plaque de cuisson au gaz et un r\u00e9frig\u00e9rateur.<\/p>\n\n\n\n<p class=\"has-text-align-left\">Salle de bain int\u00e9rieur priv\u00e9e avec douche chauff\u00e9e \u00e0 l\u2019\u00e9nergie solaire.<\/p>\n\n\n\n<p class=\"has-text-align-left\">Une chambre avec un lit double.<\/p>\n\n\n\n<p class=\"has-text-align-left\">Espace ext\u00e9rieur priv\u00e9 avec coin repas.<\/p>\n\n\n\n<p class=\"has-text-align-left\">Espace ext\u00e9rieur priv\u00e9.<\/p>\n\n\n\n<div id=\"wp-block-themeisle-blocks-button-group-311cbded\" class=\"wp-block-themeisle-blocks-button-group wp-block-buttons\">\n<div id=\"wp-block-themeisle-blocks-button-5d9f0747\" class=\"wp-block-themeisle-blocks-button wp-block-button\"><a href=\"https:\/\/secretgardenlanzarote.com\/fr\/green-eco-cabin\/\" target=\"_blank\" rel=\"noopener noreferrer\" class=\"wp-block-button__link\"><span>Book here for best prices <\/span><\/a><\/div>\n<\/div>\n<\/div>\n<\/div><\/div>\n<\/div>\n<\/div><\/div>\n\n\n<div data-src=\"https:\/\/cdn.trustindex.io\/loader.js?2572f7870fcf9339d166e7110d2\"><\/div>\n\n\n\n<div id=\"wp-block-themeisle-blocks-advanced-columns-57d9fb4e\" class=\"wp-block-themeisle-blocks-advanced-columns alignfull has-2-columns has-desktop-equal-layout has-tablet-equal-layout has-mobile-collapsedRows-layout has-vertical-unset has-light-bg\"><div class=\"wp-block-themeisle-blocks-advanced-columns-overlay\"><\/div><div class=\"innerblocks-wrap\">\n<div id=\"wp-block-themeisle-blocks-advanced-column-266078be\" class=\"wp-block-themeisle-blocks-advanced-column has-light-bg\">\n<figure class=\"wp-block-image\"><img decoding=\"async\" src=\"https:\/\/secretgardenlanzarote.com\/wp-content\/uploads\/2025\/06\/IMG_4570-scaled.jpg\" alt=\"\"\/><\/figure>\n\n\n\n<div id=\"wp-block-themeisle-blocks-advanced-columns-33fc595a\" class=\"wp-block-themeisle-blocks-advanced-columns has-1-columns has-desktop-equal-layout has-tablet-equal-layout has-mobile-equal-layout has-vertical-unset\"><div class=\"wp-block-themeisle-blocks-advanced-columns-overlay\"><\/div><div class=\"innerblocks-wrap\">\n<div id=\"wp-block-themeisle-blocks-advanced-column-97f9e169\" class=\"wp-block-themeisle-blocks-advanced-column\">\n<h4 class=\"wp-block-heading has-text-color has-link-color wp-elements-dcf851adfaa8ae05c691440eacdb78fd\" style=\"color:#070731\"><strong><em>Casa Tabaiba: <\/em>Exclusive Retreat Between Volcanoes and Sea<\/strong><\/h4>\n\n\n\n<hr class=\"wp-block-separator has-alpha-channel-opacity\"\/>\n\n\n\n<p><strong>Casa Tabaiba, une escapade lumineuse et confortable pour les amoureux de la nature et des chats \u2014 une location de vacances unique \u00e0 Lanzarote<\/strong><\/p>\n\n\n\n<p class=\"translation-block\">Style : cabane, maison de vacances<\/p>\n\n\n\n<p class=\"translation-block\">Vues : vue sur jardin int\u00e9rieur<\/p>\n\n\n\n<p class=\"translation-block\">Emplacement : Charco del Palo, Lanzarote<\/p>\n\n\n\n<p class=\"translation-block\">Capacit\u00e9 : 2 personnes<\/p>\n\n\n\n<p><strong>Caract\u00e9ristiques :<\/strong>  <\/p>\n\n\n\n<p class=\"has-text-align-left\">Cuisine int\u00e9rieure avec deux plaques de cuisson au gaz et un r\u00e9frig\u00e9rateur.<\/p>\n\n\n\n<p class=\"has-text-align-left\">Salle de bain int\u00e9rieur priv\u00e9e avec douche chauff\u00e9e \u00e0 l\u2019\u00e9nergie solaire.<\/p>\n\n\n\n<p class=\"has-text-align-left\">Une chambre avec un lit double et un canap\u00e9.<\/p>\n\n\n\n<p class=\"has-text-align-left\">Un espace int\u00e9rieur comprenant salon et salle \u00e0 manger.<\/p>\n\n\n\n<p class=\"has-text-align-left\">Jardin priv\u00e9 couvert avec mobilier de jardin.<\/p>\n\n\n\n<p>Possibilit\u00e9 de visite de chats r\u00e9sidents.<\/p>\n\n\n\n<div id=\"wp-block-themeisle-blocks-button-group-e4e6a4c6\" class=\"wp-block-themeisle-blocks-button-group wp-block-buttons\">\n<div id=\"wp-block-themeisle-blocks-button-4c858d7a\" class=\"wp-block-themeisle-blocks-button wp-block-button\"><a href=\"https:\/\/secretgardenlanzarote.com\/fr\/casa-tabaiba\/\" target=\"_blank\" rel=\"noopener noreferrer\" class=\"wp-block-button__link\"><span>Book here for best prices<\/span><\/a><\/div>\n<\/div>\n<\/div>\n<\/div><\/div>\n<\/div>\n\n\n\n<div id=\"wp-block-themeisle-blocks-advanced-column-12ad00d1\" class=\"wp-block-themeisle-blocks-advanced-column has-light-bg\">\n<figure class=\"wp-block-image\"><img decoding=\"async\" src=\"https:\/\/secretgardenlanzarote.com\/wp-content\/uploads\/2025\/06\/IMG_4184-1-scaled.jpg\" alt=\"\"\/><\/figure>\n\n\n\n<div id=\"wp-block-themeisle-blocks-advanced-columns-5a62479f\" class=\"wp-block-themeisle-blocks-advanced-columns has-1-columns has-desktop-equal-layout has-tablet-equal-layout has-mobile-equal-layout has-vertical-unset\"><div class=\"wp-block-themeisle-blocks-advanced-columns-overlay\"><\/div><div class=\"innerblocks-wrap\">\n<div id=\"wp-block-themeisle-blocks-advanced-column-01f5a4f4\" class=\"wp-block-themeisle-blocks-advanced-column\">\n<h4 class=\"wp-block-heading has-text-color has-link-color wp-elements-e219b21c817a3b9bf30128f984738af5\" style=\"color:#070731\"><strong><em>La Caba\u00f1a de Lola<\/em>: Lanzarote Accommodation in Northern Countryside<\/strong><\/h4>\n\n\n\n<hr class=\"wp-block-separator has-alpha-channel-opacity\"\/>\n\n\n\n<p class=\"has-text-color has-link-color wp-elements-933e4bcd1b8a19ccffd0c1f80ae66fde\" style=\"color:#070731\"><strong>La Caba\u00f1a de Lola is a simple, welcoming cabin tucked away in the quiet fields of northern Lanzarote.<\/strong><\/p>\n\n\n\n<p class=\"translation-block\">Style : cabane, maison de vacances<\/p>\n\n\n\n<p class=\"translation-block\">Vues : vue sur le jardin<\/p>\n\n\n\n<p class=\"translation-block\">Emplacement : Charco del Palo, Lanzarote<\/p>\n\n\n\n<p class=\"translation-block\">Capacit\u00e9 : 2 personnes<\/p>\n\n\n\n<p><strong>Caract\u00e9ristiques :<\/strong>  <\/p>\n\n\n\n<p class=\"has-text-align-left\">Cuisine int\u00e9rieure avec  plaque de cuisson au gaz et un r\u00e9frig\u00e9rateur.<\/p>\n\n\n\n<p class=\"has-text-align-left\">Salle de bain int\u00e9rieur priv\u00e9e avec douche chauff\u00e9e \u00e0 l\u2019\u00e9nergie solaire.<\/p>\n\n\n\n<p class=\"has-text-align-left\">Une chambre avec un lit double.<\/p>\n\n\n\n<p class=\"has-text-align-left\">Espace repas int\u00e9rieur priv\u00e9. <\/p>\n\n\n\n<p>Jardin ext\u00e9rieur priv\u00e9.<\/p>\n\n\n\n<p>Possibilit\u00e9 de visite de chats r\u00e9sidents.<\/p>\n\n\n\n<div id=\"wp-block-themeisle-blocks-button-group-97a52baf\" class=\"wp-block-themeisle-blocks-button-group wp-block-buttons\">\n<div id=\"wp-block-themeisle-blocks-button-e0497b60\" class=\"wp-block-themeisle-blocks-button wp-block-button\"><a href=\"https:\/\/secretgardenlanzarote.com\/fr\/la-cabana-de-lola\/\" target=\"_blank\" rel=\"noopener noreferrer\" class=\"wp-block-button__link\"><span>Book here for best prices<\/span><\/a><\/div>\n<\/div>\n<\/div>\n<\/div><\/div>\n<\/div>\n<\/div><\/div>\n\n\n<div data-src=\"https:\/\/cdn.trustindex.io\/loader.js?871955c5091f349bdc16d0fbc02\"><\/div>\n\n\n\n<div id=\"wp-block-themeisle-blocks-advanced-columns-ca1ae837\" class=\"wp-block-themeisle-blocks-advanced-columns alignfull has-2-columns has-desktop-equal-layout has-tablet-equal-layout has-mobile-collapsedRows-layout has-vertical-unset has-light-bg\"><div class=\"wp-block-themeisle-blocks-advanced-columns-overlay\"><\/div><div class=\"innerblocks-wrap\">\n<div id=\"wp-block-themeisle-blocks-advanced-column-647920c3\" class=\"wp-block-themeisle-blocks-advanced-column has-light-bg\">\n<figure class=\"wp-block-image size-large is-resized has-custom-border\"><img loading=\"lazy\" decoding=\"async\" width=\"1128\" height=\"846\" src=\"https:\/\/secretgardenlanzarote.com\/wp-content\/uploads\/2025\/07\/WhatsApp-Image-2025-07-25-at-20.03.12_bf614b6f-edited.jpg\" alt=\"lanzarote rural home\" class=\"wp-image-544\" style=\"border-style:none;border-width:0px;border-radius:0px;width:485px;height:auto\" srcset=\"https:\/\/secretgardenlanzarote.com\/wp-content\/uploads\/2025\/07\/WhatsApp-Image-2025-07-25-at-20.03.12_bf614b6f-edited.jpg 1128w, https:\/\/secretgardenlanzarote.com\/wp-content\/uploads\/2025\/07\/WhatsApp-Image-2025-07-25-at-20.03.12_bf614b6f-edited-300x225.jpg 300w, https:\/\/secretgardenlanzarote.com\/wp-content\/uploads\/2025\/07\/WhatsApp-Image-2025-07-25-at-20.03.12_bf614b6f-edited-1024x768.jpg 1024w, https:\/\/secretgardenlanzarote.com\/wp-content\/uploads\/2025\/07\/WhatsApp-Image-2025-07-25-at-20.03.12_bf614b6f-edited-768x576.jpg 768w, https:\/\/secretgardenlanzarote.com\/wp-content\/uploads\/2025\/07\/WhatsApp-Image-2025-07-25-at-20.03.12_bf614b6f-edited-16x12.jpg 16w\" sizes=\"auto, (max-width: 1128px) 100vw, 1128px\" \/><\/figure>\n\n\n\n<div id=\"wp-block-themeisle-blocks-advanced-columns-1ede9e06\" class=\"wp-block-themeisle-blocks-advanced-columns has-1-columns has-desktop-equal-layout has-tablet-equal-layout has-mobile-equal-layout has-vertical-unset\"><div class=\"wp-block-themeisle-blocks-advanced-columns-overlay\"><\/div><div class=\"innerblocks-wrap\">\n<div id=\"wp-block-themeisle-blocks-advanced-column-fa0730e6\" class=\"wp-block-themeisle-blocks-advanced-column\">\n<h4 class=\"wp-block-heading has-text-color has-link-color wp-elements-d20e7a726453271071bcb633fb3460df\" style=\"color:#070731\">Lodge El Calder\u00f3n<\/h4>\n\n\n\n<hr class=\"wp-block-separator has-alpha-channel-opacity\"\/>\n\n\n\n<p class=\"has-text-color has-link-color wp-elements-de7e8f7acbb1145dbcea8bc28fcecd5e\" style=\"color:#070731\"><strong>Lodge El Calder\u00f3n \u2013 a rural Lanzarote retreat that will make you fall in love with the north of the island<\/strong><\/p>\n\n\n\n<p class=\"translation-block\">Style : maison de vacances<\/p>\n\n\n\n<p class=\"translation-block\">Vues : vue sur la campagne<\/p>\n\n\n\n<p class=\"translation-block\">Emplacement : M\u00e1guez, Lanzarote<\/p>\n\n\n\n<p class=\"translation-block\">Capacit\u00e9 : 2 personnes<\/p>\n\n\n\n<p><strong>Caract\u00e9ristiques :<\/strong>  <\/p>\n\n\n\n<p class=\"has-text-align-left\">Cuisine priv\u00e9e avec une plaque de cuisson au gaz et un r\u00e9frig\u00e9rateur.<\/p>\n\n\n\n<p class=\"has-text-align-left\">Salle de bain ext\u00e9rieure priv\u00e9e avec douche<\/p>\n\n\n\n<p class=\"has-text-align-left\">Une chambre avec un lit double.<\/p>\n\n\n\n<p class=\"has-text-align-left\">Un espace int\u00e9rieur comprenant salon et salle \u00e0 manger.<\/p>\n\n\n\n<p class=\"has-text-align-left\">Espace ext\u00e9rieur priv\u00e9.<\/p>\n\n\n\n<p class=\"has-text-color has-link-color wp-elements-a48ad5725bf3e419cd75375035c0798a\" style=\"color:#070731\">Chiens amicaux \u00e0 proximit\u00e9.<\/p>\n\n\n\n<div id=\"wp-block-themeisle-blocks-button-group-b17f3890\" class=\"wp-block-themeisle-blocks-button-group wp-block-buttons\">\n<div id=\"wp-block-themeisle-blocks-button-355c55fc\" class=\"wp-block-themeisle-blocks-button wp-block-button\"><a href=\"https:\/\/secretgardenlanzarote.com\/fr\/el-calderon-a-lanzarote-rural-home-that-will-make-you-fall-in-love-with-northern-lanzarote\/\" target=\"_blank\" rel=\"noopener noreferrer\" class=\"wp-block-button__link\"><span>Book here for best prices<\/span><\/a><\/div>\n<\/div>\n<\/div>\n<\/div><\/div>\n<\/div>\n\n\n\n<div id=\"wp-block-themeisle-blocks-advanced-column-491d94c4\" class=\"wp-block-themeisle-blocks-advanced-column has-light-bg\">\n<figure class=\"wp-block-image size-full has-custom-border\"><img loading=\"lazy\" decoding=\"async\" width=\"258\" height=\"196\" src=\"https:\/\/secretgardenlanzarote.com\/wp-content\/uploads\/2025\/07\/download.jpg\" alt=\"\" class=\"wp-image-545\" style=\"border-style:none;border-width:0px;border-radius:0px\" srcset=\"https:\/\/secretgardenlanzarote.com\/wp-content\/uploads\/2025\/07\/download.jpg 258w, https:\/\/secretgardenlanzarote.com\/wp-content\/uploads\/2025\/07\/download-16x12.jpg 16w\" sizes=\"auto, (max-width: 258px) 100vw, 258px\" \/><\/figure>\n\n\n\n<div id=\"wp-block-themeisle-blocks-advanced-columns-347bb2e7\" class=\"wp-block-themeisle-blocks-advanced-columns has-1-columns has-desktop-equal-layout has-tablet-equal-layout has-mobile-equal-layout has-vertical-unset\"><div class=\"wp-block-themeisle-blocks-advanced-columns-overlay\"><\/div><div class=\"innerblocks-wrap\">\n<div id=\"wp-block-themeisle-blocks-advanced-column-b5c8b4f5\" class=\"wp-block-themeisle-blocks-advanced-column\">\n<h4 class=\"wp-block-heading has-text-color has-link-color wp-elements-e5239e1fa55b90adc481e50ea56a29fe\" style=\"color:#070731\">COMMING SOON<\/h4>\n\n\n\n<p class=\"has-text-color has-link-color wp-elements-16c822aeb5fb614aa40198ef03c64c70\" style=\"color:#070731\">Vous souhaitez proposer votre h\u00e9bergement chez nous ? Envoyez-nous un e-mail et nous vous contacterons. <\/p>\n<\/div>\n<\/div><\/div>\n<\/div>\n<\/div><\/div>\n\n\n\n<p><\/p>","protected":false},"excerpt":{"rendered":"<p>Welcome to Secret Garden Lanzarote, your destination for a unique holiday rentals in Lanzarote. Our charming cabins offer a peaceful escape surrounded by nature, perfect for travellers seeking an authentic and memorable stay on this beautiful Canary Island. Each rental is thoughtfully designed to provide comfort, character, and a connection to the local environment. Explore &hellip; <\/p>\n<p class=\"link-more\"><a href=\"https:\/\/secretgardenlanzarote.com\/fr\/unique-holiday-rentals-on-lanzarote\/\" class=\"more-link\">Lire la suite de<span class=\"screen-reader-text\">\u00ab\u00a0Unique holiday rentals on Lanzarote\u00a0\u00bb<\/span><\/a><\/p>","protected":false},"author":1,"featured_media":0,"parent":0,"menu_order":0,"comment_status":"closed","ping_status":"closed","template":"","meta":{"_monsterinsights_skip_tracking":false,"_monsterinsights_sitenote_active":false,"_monsterinsights_sitenote_note":"","_monsterinsights_sitenote_category":0,"_themeisle_gutenberg_block_has_review":false,"footnotes":""},"class_list":["post-150","page","type-page","status-publish","hentry"],"aioseo_notices":[],"_links":{"self":[{"href":"https:\/\/secretgardenlanzarote.com\/fr\/wp-json\/wp\/v2\/pages\/150","targetHints":{"allow":["GET"]}}],"collection":[{"href":"https:\/\/secretgardenlanzarote.com\/fr\/wp-json\/wp\/v2\/pages"}],"about":[{"href":"https:\/\/secretgardenlanzarote.com\/fr\/wp-json\/wp\/v2\/types\/page"}],"author":[{"embeddable":true,"href":"https:\/\/secretgardenlanzarote.com\/fr\/wp-json\/wp\/v2\/users\/1"}],"replies":[{"embeddable":true,"href":"https:\/\/secretgardenlanzarote.com\/fr\/wp-json\/wp\/v2\/comments?post=150"}],"version-history":[{"count":43,"href":"https:\/\/secretgardenlanzarote.com\/fr\/wp-json\/wp\/v2\/pages\/150\/revisions"}],"predecessor-version":[{"id":791,"href":"https:\/\/secretgardenlanzarote.com\/fr\/wp-json\/wp\/v2\/pages\/150\/revisions\/791"}],"wp:attachment":[{"href":"https:\/\/secretgardenlanzarote.com\/fr\/wp-json\/wp\/v2\/media?parent=150"}],"curies":[{"name":"wp","href":"https:\/\/api.w.org\/{rel}","templated":true}]}}